{"id":1034,"date":"2023-08-10T13:39:06","date_gmt":"2023-08-10T11:39:06","guid":{"rendered":"https:\/\/castellum.hu\/?page_id=1034"},"modified":"2024-05-29T12:24:00","modified_gmt":"2024-05-29T10:24:00","slug":"newsroom","status":"publish","type":"page","link":"https:\/\/castellum.hu\/en\/newsroom\/","title":{"rendered":"Newsroom"},"content":{"rendered":"<div data-elementor-type=\"wp-page\" data-elementor-id=\"1034\" class=\"elementor elementor-1034\" data-elementor-post-type=\"page\">\n\t\t\t\t\t\t<section class=\"elementor-section elementor-top-section elementor-element elementor-element-663a112 elementor-section-boxed elementor-section-height-default elementor-section-height-default\" data-id=\"663a112\" data-element_type=\"section\">\n\t\t\t\t\t\t<div class=\"elementor-container elementor-column-gap-default\">\n\t\t\t\t\t<div class=\"elementor-column elementor-col-100 elementor-top-column elementor-element elementor-element-ec7487d\" data-id=\"ec7487d\" data-element_type=\"column\">\n\t\t\t<div class=\"elementor-widget-wrap elementor-element-populated\">\n\t\t\t\t\t\t<div class=\"elementor-element elementor-element-ad6b031 elementor-widget elementor-widget-text-editor\" data-id=\"ad6b031\" data-element_type=\"widget\" data-widget_type=\"text-editor.default\">\n\t\t\t\t\t\t\t\t\t<p><a href=\"https:\/\/docs.google.com\/document\/d\/1Up9g6pTAtuhGxT31krC67z2FBNnDT1oH\/edit\"><b>18 monuments, 35 thousand square meters &#8211; Interview about the renewal of the Veszpr\u00e9m Castle Quarter<\/b><\/a><\/p><p><a href=\"https:\/\/docs.google.com\/document\/d\/1JzFT4RcsfATu_F3faMtLgF5XjqGjVRko\/edit\"><b>The renovation of the Archiepiscopal Palace in Veszpr\u00e9m<\/b><\/a><\/p><p><a href=\"https:\/\/docs.google.com\/document\/d\/1SqnG5T9ICVFsPBN9NM780CbgrvV3lgys\/edit\"><b>Purification &#8211; About the renovation of the Saint Michael\u2019s Cathedral in Veszpr\u00e9m<\/b><\/a><\/p>\t\t\t\t\t\t\t\t<\/div>\n\t\t\t\t\t<\/div>\n\t\t<\/div>\n\t\t\t\t\t<\/div>\n\t\t<\/section>\n\t\t\t\t<section class=\"elementor-section elementor-top-section elementor-element elementor-element-0e908d6 elementor-section-boxed elementor-section-height-default elementor-section-height-default\" data-id=\"0e908d6\" data-element_type=\"section\">\n\t\t\t\t\t\t<div class=\"elementor-container elementor-column-gap-default\">\n\t\t\t\t\t<div class=\"elementor-column elementor-col-100 elementor-top-column elementor-element elementor-element-324db79\" data-id=\"324db79\" data-element_type=\"column\">\n\t\t\t<div class=\"elementor-widget-wrap elementor-element-populated\">\n\t\t\t\t\t\t<div class=\"elementor-element elementor-element-81f4c77 elementor-widget elementor-widget-text-editor\" data-id=\"81f4c77\" data-element_type=\"widget\" data-widget_type=\"text-editor.default\">\n\t\t\t\t\t\t\t\t\t<p><a href=\"https:\/\/docs.google.com\/document\/d\/1xDvlcsGyxCHNgwAcvLpgkYbBYsJVN8kx\/edit\"><b>Renewal of the St. Michael&#8217;s Cathedral in Veszpr\u00e9m<\/b><\/a><\/p><p><a href=\"https:\/\/docs.google.com\/document\/d\/1zczuNUxdP-hZI7LzS77qlDwhUYyxLtj9\/edit\"><b>Composite: The Renovation of the Gisela Chapel in Veszpr\u00e9m<\/b><\/a><\/p><p><a href=\"https:\/\/docs.google.com\/document\/d\/17i6O4T6d_y0-m9r7RInJicaUofFyu8df\/edit\"><b>Renovation of Saint George Chapel in Veszpr\u00e9m and its surroundings<\/b><\/a><\/p>\t\t\t\t\t\t\t\t<\/div>\n\t\t\t\t\t<\/div>\n\t\t<\/div>\n\t\t\t\t\t<\/div>\n\t\t<\/section>\n\t\t\t\t<section class=\"elementor-section elementor-top-section elementor-element elementor-element-2ad0914 elementor-section-boxed elementor-section-height-default elementor-section-height-default\" data-id=\"2ad0914\" data-element_type=\"section\">\n\t\t\t\t\t\t<div class=\"elementor-container elementor-column-gap-default\">\n\t\t\t\t\t<div class=\"elementor-column elementor-col-100 elementor-top-column elementor-element elementor-element-cfbe84c\" data-id=\"cfbe84c\" data-element_type=\"column\">\n\t\t\t<div class=\"elementor-widget-wrap elementor-element-populated\">\n\t\t\t\t\t\t<div class=\"elementor-element elementor-element-0312e4c elementor-widget elementor-widget-text-editor\" data-id=\"0312e4c\" data-element_type=\"widget\" data-widget_type=\"text-editor.default\">\n\t\t\t\t\t\t\t\t\t<p><a href=\"https:\/\/docs.google.com\/document\/d\/1ugNqnpQzKqEALRwbqmsuaqdSmiwyrS53\/edit\"><b>Work In Progress \u2013 Veszpr\u00e9m, 2023<\/b><\/a><\/p><p><a href=\"https:\/\/docs.google.com\/document\/d\/1OFB8RjI-JNd4Im7lbqRKPaTtI2hG13yz\/edit\"><b>The renovation of the Saint Emeric Church located in Veszpr\u00e9m Castle &#8211; connecting past and present<\/b><\/a><\/p><p><a href=\"https:\/\/docs.google.com\/document\/d\/1qvxPlGOzutZiMg1H9o71SQYFQR_4gnWv\/edit\"><b>The revitalising renovation of the Tejfalusy House<\/b><\/a><\/p><p>\u00a0<\/p><p>\u00a0<\/p>\t\t\t\t\t\t\t\t<\/div>\n\t\t\t\t\t<\/div>\n\t\t<\/div>\n\t\t\t\t\t<\/div>\n\t\t<\/section>\n\t\t\t\t<\/div>","protected":false},"excerpt":{"rendered":"<p>18 monuments, 35 thousand square meters &#8211; Interview about the renewal of the Veszpr\u00e9m Castle Quarter The renovation of the Archiepiscopal Palace in Veszpr\u00e9m Purification &#8211; About the renovation of the Saint Michael\u2019s Cathedral in Veszpr\u00e9m Renewal of the St. Michael&#8217;s Cathedral in Veszpr\u00e9m Composite: The Renovation of the Gisela Chapel in Veszpr\u00e9m Renovation of [&hellip;]<\/p>\n","protected":false},"author":1,"featured_media":0,"parent":0,"menu_order":0,"comment_status":"closed","ping_status":"closed","template":"","meta":{"_monsterinsights_skip_tracking":false,"_monsterinsights_sitenote_active":false,"_monsterinsights_sitenote_note":"","_monsterinsights_sitenote_category":0,"footnotes":""},"class_list":["post-1034","page","type-page","status-publish","hentry"],"_links":{"self":[{"href":"https:\/\/castellum.hu\/en\/wp-json\/wp\/v2\/pages\/1034","targetHints":{"allow":["GET"]}}],"collection":[{"href":"https:\/\/castellum.hu\/en\/wp-json\/wp\/v2\/pages"}],"about":[{"href":"https:\/\/castellum.hu\/en\/wp-json\/wp\/v2\/types\/page"}],"author":[{"embeddable":true,"href":"https:\/\/castellum.hu\/en\/wp-json\/wp\/v2\/users\/1"}],"replies":[{"embeddable":true,"href":"https:\/\/castellum.hu\/en\/wp-json\/wp\/v2\/comments?post=1034"}],"version-history":[{"count":19,"href":"https:\/\/castellum.hu\/en\/wp-json\/wp\/v2\/pages\/1034\/revisions"}],"predecessor-version":[{"id":1326,"href":"https:\/\/castellum.hu\/en\/wp-json\/wp\/v2\/pages\/1034\/revisions\/1326"}],"wp:attachment":[{"href":"https:\/\/castellum.hu\/en\/wp-json\/wp\/v2\/media?parent=1034"}],"curies":[{"name":"wp","href":"https:\/\/api.w.org\/{rel}","templated":true}]}}