{"id":1484,"date":"2025-09-04T20:01:20","date_gmt":"2025-09-04T18:01:20","guid":{"rendered":"https:\/\/castellum.hu\/?page_id=1484"},"modified":"2025-10-04T09:47:31","modified_gmt":"2025-10-04T07:47:31","slug":"szakmai-konferencia","status":"publish","type":"page","link":"https:\/\/castellum.hu\/en\/szakmai-konferencia\/","title":{"rendered":"Szakmai Konferencia"},"content":{"rendered":"<figure class=\"wp-block-image size-large\"><img fetchpriority=\"high\" decoding=\"async\" width=\"1024\" height=\"948\" src=\"https:\/\/castellum.hu\/wp-content\/uploads\/2025\/09\/c1-1024x948.jpg\" alt=\"\" class=\"wp-image-1530\" srcset=\"https:\/\/castellum.hu\/wp-content\/uploads\/2025\/09\/c1-1024x948.jpg 1024w, https:\/\/castellum.hu\/wp-content\/uploads\/2025\/09\/c1-300x278.jpg 300w, https:\/\/castellum.hu\/wp-content\/uploads\/2025\/09\/c1-768x711.jpg 768w, https:\/\/castellum.hu\/wp-content\/uploads\/2025\/09\/c1-1536x1421.jpg 1536w, https:\/\/castellum.hu\/wp-content\/uploads\/2025\/09\/c1-2048x1895.jpg 2048w, https:\/\/castellum.hu\/wp-content\/uploads\/2025\/09\/c1-13x12.jpg 13w\" sizes=\"(max-width: 1024px) 100vw, 1024px\" \/><\/figure>\n\n\n\n<figure class=\"wp-block-image size-large\"><img decoding=\"async\" width=\"1024\" height=\"1018\" src=\"https:\/\/castellum.hu\/wp-content\/uploads\/2025\/09\/c2-1-1024x1018.jpg\" alt=\"\" class=\"wp-image-1542\" srcset=\"https:\/\/castellum.hu\/wp-content\/uploads\/2025\/09\/c2-1-1024x1018.jpg 1024w, https:\/\/castellum.hu\/wp-content\/uploads\/2025\/09\/c2-1-300x298.jpg 300w, https:\/\/castellum.hu\/wp-content\/uploads\/2025\/09\/c2-1-150x150.jpg 150w, https:\/\/castellum.hu\/wp-content\/uploads\/2025\/09\/c2-1-768x764.jpg 768w, https:\/\/castellum.hu\/wp-content\/uploads\/2025\/09\/c2-1-1536x1527.jpg 1536w, https:\/\/castellum.hu\/wp-content\/uploads\/2025\/09\/c2-1-2048x2036.jpg 2048w, https:\/\/castellum.hu\/wp-content\/uploads\/2025\/09\/c2-1-12x12.jpg 12w\" sizes=\"(max-width: 1024px) 100vw, 1024px\" \/><\/figure>\n\n\n\n<figure class=\"wp-block-image size-large\"><img decoding=\"async\" width=\"1024\" height=\"792\" src=\"https:\/\/castellum.hu\/wp-content\/uploads\/2025\/09\/c3-1-1024x792.jpg\" alt=\"\" class=\"wp-image-1543\" srcset=\"https:\/\/castellum.hu\/wp-content\/uploads\/2025\/09\/c3-1-1024x792.jpg 1024w, https:\/\/castellum.hu\/wp-content\/uploads\/2025\/09\/c3-1-300x232.jpg 300w, https:\/\/castellum.hu\/wp-content\/uploads\/2025\/09\/c3-1-768x594.jpg 768w, https:\/\/castellum.hu\/wp-content\/uploads\/2025\/09\/c3-1-1536x1189.jpg 1536w, https:\/\/castellum.hu\/wp-content\/uploads\/2025\/09\/c3-1-2048x1585.jpg 2048w, https:\/\/castellum.hu\/wp-content\/uploads\/2025\/09\/c3-1-16x12.jpg 16w\" sizes=\"(max-width: 1024px) 100vw, 1024px\" \/><\/figure>\n\n\n\n<figure class=\"wp-block-image size-large is-resized\"><img loading=\"lazy\" decoding=\"async\" width=\"1024\" height=\"880\" src=\"https:\/\/castellum.hu\/wp-content\/uploads\/2025\/09\/c4-1024x880.jpg\" alt=\"\" class=\"wp-image-1528\" style=\"width:1170px;height:auto\" srcset=\"https:\/\/castellum.hu\/wp-content\/uploads\/2025\/09\/c4-1024x880.jpg 1024w, https:\/\/castellum.hu\/wp-content\/uploads\/2025\/09\/c4-300x258.jpg 300w, https:\/\/castellum.hu\/wp-content\/uploads\/2025\/09\/c4-768x660.jpg 768w, https:\/\/castellum.hu\/wp-content\/uploads\/2025\/09\/c4-1536x1320.jpg 1536w, https:\/\/castellum.hu\/wp-content\/uploads\/2025\/09\/c4-2048x1761.jpg 2048w, https:\/\/castellum.hu\/wp-content\/uploads\/2025\/09\/c4-14x12.jpg 14w\" sizes=\"(max-width: 1024px) 100vw, 1024px\" \/><\/figure>\n\n\n\n<p><a href=\"https:\/\/forms.gle\/gLuhEAQgd7dmSbQs7\" data-type=\"link\" data-id=\"https:\/\/forms.gle\/gLuhEAQgd7dmSbQs7\"><strong>Online regisztr\u00e1ci\u00f3hoz k\u00e9rj\u00fck kattintson ide<\/strong><\/a><\/p>\n\n\n\n<figure class=\"wp-block-image size-large\"><img loading=\"lazy\" decoding=\"async\" width=\"1024\" height=\"419\" src=\"https:\/\/castellum.hu\/wp-content\/uploads\/2025\/09\/c5-1024x419.jpg\" alt=\"\" class=\"wp-image-1527\" srcset=\"https:\/\/castellum.hu\/wp-content\/uploads\/2025\/09\/c5-1024x419.jpg 1024w, https:\/\/castellum.hu\/wp-content\/uploads\/2025\/09\/c5-300x123.jpg 300w, https:\/\/castellum.hu\/wp-content\/uploads\/2025\/09\/c5-768x314.jpg 768w, https:\/\/castellum.hu\/wp-content\/uploads\/2025\/09\/c5-1536x629.jpg 1536w, https:\/\/castellum.hu\/wp-content\/uploads\/2025\/09\/c5-2048x838.jpg 2048w, https:\/\/castellum.hu\/wp-content\/uploads\/2025\/09\/c5-18x7.jpg 18w\" sizes=\"(max-width: 1024px) 100vw, 1024px\" \/><\/figure>","protected":false},"excerpt":{"rendered":"<p>Online regisztr\u00e1ci\u00f3hoz k\u00e9rj\u00fck kattintson ide<\/p>","protected":false},"author":5,"featured_media":0,"parent":0,"menu_order":0,"comment_status":"closed","ping_status":"closed","template":"","meta":{"_monsterinsights_skip_tracking":false,"_monsterinsights_sitenote_active":false,"_monsterinsights_sitenote_note":"","_monsterinsights_sitenote_category":0,"footnotes":""},"class_list":["post-1484","page","type-page","status-publish","hentry"],"_links":{"self":[{"href":"https:\/\/castellum.hu\/en\/wp-json\/wp\/v2\/pages\/1484","targetHints":{"allow":["GET"]}}],"collection":[{"href":"https:\/\/castellum.hu\/en\/wp-json\/wp\/v2\/pages"}],"about":[{"href":"https:\/\/castellum.hu\/en\/wp-json\/wp\/v2\/types\/page"}],"author":[{"embeddable":true,"href":"https:\/\/castellum.hu\/en\/wp-json\/wp\/v2\/users\/5"}],"replies":[{"embeddable":true,"href":"https:\/\/castellum.hu\/en\/wp-json\/wp\/v2\/comments?post=1484"}],"version-history":[{"count":19,"href":"https:\/\/castellum.hu\/en\/wp-json\/wp\/v2\/pages\/1484\/revisions"}],"predecessor-version":[{"id":1569,"href":"https:\/\/castellum.hu\/en\/wp-json\/wp\/v2\/pages\/1484\/revisions\/1569"}],"wp:attachment":[{"href":"https:\/\/castellum.hu\/en\/wp-json\/wp\/v2\/media?parent=1484"}],"curies":[{"name":"wp","href":"https:\/\/api.w.org\/{rel}","templated":true}]}}