{"id":290,"date":"2023-03-09T22:49:34","date_gmt":"2023-03-09T21:49:34","guid":{"rendered":"https:\/\/ersekseg.dinosprojekt.com\/?page_id=290"},"modified":"2023-07-25T11:45:52","modified_gmt":"2023-07-25T09:45:52","slug":"adatkezelesi-tajekoztato-2","status":"publish","type":"page","link":"https:\/\/castellum.hu\/hu\/adatkezelesi-tajekoztato-2\/","title":{"rendered":"Adatkezel\u00e9si t\u00e1j\u00e9koztat\u00f3"},"content":{"rendered":"\n<p>Adatkezel\u00e9si t\u00e1j\u00e9koztat\u00f3 a castellum.hu weboldalra vonatkoz\u00f3an<\/p>\n\n\n\n<p><strong>1.Adatkezel\u0151 megnevez\u00e9se:<\/strong><\/p>\n\n\n\n<p>Castellum Vagyonkezel\u0151 Igazgat\u00f3s\u00e1g.<\/p>\n\n\n\n<p>C\u00edm:&nbsp;&nbsp;&nbsp;&nbsp;&nbsp;&nbsp;&nbsp;&nbsp;&nbsp;&nbsp;&nbsp;&nbsp;&nbsp;&nbsp;&nbsp;&nbsp;&nbsp;&nbsp;&nbsp;&nbsp;&nbsp;&nbsp;&nbsp;&nbsp;&nbsp;&nbsp;&nbsp;&nbsp;&nbsp;&nbsp;&nbsp;&nbsp;&nbsp;&nbsp; 8200 Veszpr\u00e9m, V\u00e1r utca 18..<\/p>\n\n\n\n<p>E-mail:&nbsp;&nbsp; &nbsp;&nbsp;&nbsp;&nbsp;&nbsp;&nbsp;&nbsp;&nbsp;&nbsp;&nbsp;&nbsp;&nbsp;&nbsp;&nbsp;&nbsp;&nbsp;&nbsp;&nbsp;&nbsp;&nbsp;&nbsp;&nbsp;&nbsp;&nbsp;&nbsp;&nbsp;&nbsp;&nbsp;press@castellum.hu<\/p>\n\n\n\n<p>Honlap:&nbsp;&nbsp;&nbsp;&nbsp;&nbsp;&nbsp;&nbsp;&nbsp;&nbsp;&nbsp;&nbsp;&nbsp;&nbsp;&nbsp;&nbsp;&nbsp;&nbsp;&nbsp;&nbsp;&nbsp;&nbsp;&nbsp;&nbsp;&nbsp;&nbsp;&nbsp;&nbsp;&nbsp; www.castellum.hu<\/p>\n\n\n\n<p>K\u00e9pvisel\u0151je:&nbsp;&nbsp;&nbsp;&nbsp;&nbsp;&nbsp;&nbsp;&nbsp;&nbsp;&nbsp;&nbsp;&nbsp;&nbsp;&nbsp;&nbsp;&nbsp;&nbsp;&nbsp;&nbsp;&nbsp;&nbsp; Dr. Udvardy Gy\u00f6rgy, \u00e9rsek<\/p>\n\n\n\n<p><strong>2. Az adatkezel\u00e9s alapj\u00e1ul szolg\u00e1l\u00f3 jogszab\u00e1lyok:<\/strong><\/p>\n\n\n\n<ul class=\"wp-block-list\">\n<li>az Eur\u00f3pai Parlament \u00e9s a Tan\u00e1cs (EU) 2016\/679 Rendelete (2016. \u00e1prilis 27.) a term\u00e9szetes szem\u00e9lyeknek a szem\u00e9lyes adatok kezel\u00e9se tekintet\u00e9ben t\u00f6rt\u00e9n\u0151 v\u00e9delm\u00e9r\u0151l \u00e9s az ilyen adatok szabad \u00e1raml\u00e1s\u00e1r\u00f3l, valamint a 95\/46\/EK rendelet hat\u00e1lyon k\u00edv\u00fcl helyez\u00e9s\u00e9r\u0151l (\u00e1ltal\u00e1nos adatv\u00e9delmi rendelet: GDPR);<\/li>\n\n\n\n<li>az inform\u00e1ci\u00f3s \u00f6nrendelkez\u00e9si jogr\u00f3l \u00e9s az inform\u00e1ci\u00f3szabads\u00e1gr\u00f3l sz\u00f3l\u00f3 2011. \u00e9vi CXII. t\u00f6rv\u00e9ny.<\/li>\n<\/ul>\n\n\n\n<p><strong>3. A kezelt szem\u00e9lyes adatok k\u00f6re \u00e9s id\u0151tartama, \u00e9rintettek k\u00f6re:<\/strong><\/p>\n\n\n\n<p><strong>Felhaszn\u00e1l\u00f3<\/strong>: a weboldal szolg\u00e1ltat\u00e1sait (h\u00edr \u00e9s t\u00e1j\u00e9koztat\u00f3 anyagok elolvas\u00e1sa, vide\u00f3k \u00e9s k\u00e9pgal\u00e9ri\u00e1k megtekint\u00e9se, valamint \u00fczenet bek\u00fcld\u00e9se) ig\u00e9nybe vev\u0151, illetve a weboldalt megtekint\u0151 term\u00e9szetes szem\u00e9ly.<\/p>\n\n\n\n<p><strong>A kezelt szem\u00e9lyes adatok k\u00f6re<\/strong>: n\u00e9v, e-mail c\u00edm<\/p>\n\n\n\n<p><strong>4. Az adatkezel\u00e9s c\u00e9ljai, jogalapja:<\/strong><\/p>\n\n\n\n<p><strong>Az adatkezel\u00e9s c\u00e9ljai:<\/strong><\/p>\n\n\n\n<ul class=\"wp-block-list\">\n<li>online tartalomszolg\u00e1ltat\u00e1s<\/li>\n\n\n\n<li>Felhaszn\u00e1l\u00f3val val\u00f3 kapcsolattart\u00e1s<\/li>\n<\/ul>\n\n\n\n<p>Az adatkezel\u0151 a megadott szem\u00e9lyes adatokat a fent megjel\u00f6lt c\u00e9lokt\u00f3l elt\u00e9r\u0151 c\u00e9lokra nem haszn\u00e1lhatja fel.<\/p>\n\n\n\n<p><strong>Adatkezel\u00e9s jogalapja:<\/strong> GDPR 6. cikk (1) a) pontj\u00e1ban meghat\u00e1rozott \u00f6nk\u00e9ntes hozz\u00e1j\u00e1rul\u00e1s, melyre a Felhaszn\u00e1l\u00f3 \u00f6nk\u00e9ntes, el\u0151zetes, megfelel\u0151 t\u00e1j\u00e9koztat\u00e1son alapul\u00f3 hozz\u00e1j\u00e1rul\u00e1sa alapj\u00e1n ker\u00fcl sor. A Felhaszn\u00e1l\u00f3 jogosult a hozz\u00e1j\u00e1rul\u00e1s\u00e1t b\u00e1rmikor visszavonni, mely visszavon\u00e1s nem \u00e9rinti a visszavon\u00e1s el\u0151tti adatkezel\u00e9sek jogszer\u0171s\u00e9g\u00e9t.<\/p>\n\n\n\n<p>A Felhaszn\u00e1l\u00f3 szavatol az\u00e9rt, hogy a weboldal szolg\u00e1ltat\u00e1sainak ig\u00e9nybev\u00e9tele sor\u00e1n \u00e1ltala m\u00e1s szem\u00e9lyekr\u0151l megadott vagy hozz\u00e1f\u00e9rhet\u0151v\u00e9 tett szem\u00e9lyes adatok kezel\u00e9s\u00e9hez megfelel\u0151 jogalappal rendelkezik. A Felhaszn\u00e1l\u00f3 \u00e1ltal a szolg\u00e1ltat\u00e1sokba felt\u00f6lt\u00f6tt, megosztott felhaszn\u00e1l\u00f3i tartalom\u00e9rt minden felel\u0151ss\u00e9g a Felhaszn\u00e1l\u00f3t terheli.<\/p>\n\n\n\n<p>Az adatkezel\u0151 a megadott szem\u00e9lyes adatokat nem ellen\u0151rzi, azok megfelel\u0151s\u00e9g\u00e9\u00e9rt kiz\u00e1r\u00f3lag az azt megad\u00f3 szem\u00e9ly felel.<\/p>\n\n\n\n<p>A 16. \u00e9let\u00e9v\u00e9t be nem t\u00f6lt\u00f6tt term\u00e9szetes szem\u00e9ly Felhaszn\u00e1l\u00f3 szem\u00e9lyes adatai csak a felette sz\u00fcl\u0151i fel\u00fcgyeletet gyakorl\u00f3 nagykor\u00fa szem\u00e9ly hozz\u00e1j\u00e1rul\u00e1sa eset\u00e9n kezelhet\u0151k.<\/p>\n\n\n\n<p><strong>5. Adatkezel\u00e9s id\u0151tartama:<\/strong><\/p>\n\n\n\n<p>A Felhaszn\u00e1l\u00f3 \u00e1ltal k\u00fcld\u00f6tt e-mailek eset\u00e9n a megkeresett Adatkezel\u0151 a nevet \u00e9s e-mail c\u00edmet a megkeres\u00e9sben hivatkozott \u00fcgy lez\u00e1r\u00e1s\u00e1t k\u00f6vet\u0151 90. napon t\u00f6rli, kiv\u00e9ve, ha egyedi esetben az Adatkezel\u0151 jogos \u00e9rdeke a Szem\u00e9lyes adat tov\u00e1bbi kezel\u00e9s\u00e9t indokolja, az Adatkezel\u0151 e jogos \u00e9rdek\u00e9nek fenn\u00e1ll\u00e1s\u00e1ig.<\/p>\n\n\n\n<p>A rendszer m\u0171k\u00f6d\u00e9se sor\u00e1n automatikusan, technikailag r\u00f6gz\u00edt\u00e9sre ker\u00fcl\u0151 adatok a gener\u00e1l\u00f3d\u00e1sukt\u00f3l sz\u00e1m\u00edtva a rendszer m\u0171k\u00f6d\u00e9s\u00e9nek biztos\u00edt\u00e1sa szempontj\u00e1b\u00f3l indokolt id\u0151tartamig ker\u00fclnek t\u00e1rol\u00e1sra a rendszerben.<\/p>\n\n\n\n<p><strong>6. Automatikusan gy\u0171jt\u00f6tt adatok:<\/strong><\/p>\n\n\n\n<p>Felhaszn\u00e1l\u00f3 bejelentkez\u0151 sz\u00e1m\u00edt\u00f3g\u00e9p\u00e9nek, illetve mobileszk\u00f6z\u00e9nek azon adatai, melyek a Weboldal haszn\u00e1lata sor\u00e1n gener\u00e1l\u00f3dnak \u00e9s melyeket Adatkezel\u0151 rendszere a technikai folyamatok automatikus eredm\u00e9nyek\u00e9nt r\u00f6gz\u00edt, \u00edgy k\u00fcl\u00f6n\u00f6sen az Internet Protocol (IP) c\u00edmet, a b\u00f6ng\u00e9sz\u0151 t\u00edpus\u00e1t, a nyelvbe\u00e1ll\u00edt\u00e1st, az oper\u00e1ci\u00f3s rendszert, az internetszolg\u00e1ltat\u00f3t (ISP) \u00e9s az id\u0151b\u00e9lyegz\u0151t.<\/p>\n\n\n\n<p>Az automatikusan r\u00f6gz\u00edt\u00e9sre ker\u00fcl\u0151 adatokat a Weboldal a Felhaszn\u00e1l\u00f3 k\u00fcl\u00f6n nyilatkozata vagy cselekm\u00e9nye n\u00e9lk\u00fcl a bel\u00e9p\u00e9skor, illetve kil\u00e9p\u00e9skor automatikusan napl\u00f3zza. Ezen adatok egy\u00e9b szem\u00e9lyes felhaszn\u00e1l\u00f3i adatokkal \u2013 t\u00f6rv\u00e9ny \u00e1ltal k\u00f6telez\u0151v\u00e9 tett esetek kiv\u00e9tel\u00e9vel \u2013 \u00f6ssze nem kapcsolhat\u00f3k. Az adatokhoz kiz\u00e1r\u00f3lag az Adatkezel\u0151 f\u00e9r hozz\u00e1.<\/p>\n\n\n\n<p>A rendszer m\u0171k\u00f6d\u00e9se sor\u00e1n automatikusan, technikailag r\u00f6gz\u00edt\u00e9sre ker\u00fcl\u0151 adatok a gener\u00e1l\u00e1sukt\u00f3l sz\u00e1m\u00edtva a rendszer m\u0171k\u00f6d\u00e9s\u00e9nek biztos\u00edt\u00e1sa szempontj\u00e1b\u00f3l indokolt id\u0151tartamig ker\u00fclnek t\u00e1rol\u00e1sra a rendszerben.<\/p>\n\n\n\n<p><strong>7. Adatfeldolgoz\u00f3 ig\u00e9nybev\u00e9tele, adattov\u00e1bb\u00edt\u00e1s:<\/strong><\/p>\n\n\n\n<p>Az Adatkezel\u0151 tev\u00e9kenys\u00e9ge ell\u00e1t\u00e1s\u00e1hoz ig\u00e9nybe veheti m\u00e1s Adatfeldolgoz\u00f3 szolg\u00e1ltat\u00e1sait.<\/p>\n\n\n\n<p>Az Adatfeldolgoz\u00f3 \u00f6n\u00e1ll\u00f3 d\u00f6nt\u00e9st nem hozhat, kiz\u00e1r\u00f3lag az Adatkezel\u0151vel k\u00f6t\u00f6tt szerz\u0151d\u00e9s, \u00e9s a kapott utas\u00edt\u00e1sok szerint jogosult elj\u00e1rni. Az Adatfeldolgoz\u00f3 a r\u00e9sz\u00e9re az Adatkezel\u0151 \u00e1ltal tov\u00e1bb\u00edtott \u00e9s \u00e1ltala kezelt vagy feldolgozott Szem\u00e9lyes adatokat a GDPR \u00e1ltal el\u0151\u00edrt rendelkez\u00e9sekkel \u00f6sszhangban r\u00f6gz\u00edti, kezeli, ill. dolgozza fel, \u00e9s err\u0151l nyilatkozatot tesz az Adatkezel\u0151 r\u00e9sz\u00e9re.<\/p>\n\n\n\n<p>Az Adatkezel\u0151 ellen\u0151rzi az Adatfeldolgoz\u00f3 munk\u00e1j\u00e1t.<\/p>\n\n\n\n<p>Az Adatfeldolgoz\u00f3 tov\u00e1bbi adatfeldolgoz\u00f3 ig\u00e9nybev\u00e9tel\u00e9re nem jogosult.<\/p>\n\n\n\n<p>Az Adatkezel\u0151 jogosult \u00e9s k\u00f6teles minden olyan rendelkez\u00e9s\u00e9re \u00e1ll\u00f3 \u00e9s \u00e1ltala szab\u00e1lyszer\u0171en t\u00e1rolt Szem\u00e9lyes adatot az illet\u00e9kes hat\u00f3s\u00e1goknak tov\u00e1bb\u00edtani, amely Szem\u00e9lyes adat tov\u00e1bb\u00edt\u00e1s\u00e1ra \u0151t jogszab\u00e1ly vagy joger\u0151s hat\u00f3s\u00e1gi k\u00f6telez\u00e9s k\u00f6telezi. Ilyen adattov\u00e1bb\u00edt\u00e1s, valamint az ebb\u0151l sz\u00e1rmaz\u00f3 k\u00f6vetkezm\u00e9nyek miatt az Adatkezel\u0151 nem tehet\u0151 felel\u0151ss\u00e9.<\/p>\n\n\n\n<p>Az adatok harmadik orsz\u00e1gba, vagy nemzetk\u00f6zi szervezet r\u00e9sz\u00e9re nem ker\u00fclnek tov\u00e1bb\u00edt\u00e1sra.<\/p>\n\n\n\n<p><strong>8. Adatbiztons\u00e1gi int\u00e9zked\u00e9sek:<\/strong><\/p>\n\n\n\n<p>Az Adatkezel\u0151 a szem\u00e9lyes adatokat a saj\u00e1t szerver\u00e9n t\u00e1rolja. Az adatok t\u00e1rol\u00e1s\u00e1hoz m\u00e1s c\u00e9g szolg\u00e1ltat\u00e1s\u00e1t is ig\u00e9nybe veszi (ld. 5. pontban megjel\u00f6lt adatfeldolgoz\u00f3). Az Adatkezel\u0151 \u00e9s az ig\u00e9nybe vett adatfeldolgoz\u00f3 megfelel\u0151 int\u00e9zked\u00e9sekkel gondoskodnak arr\u00f3l, hogy a szem\u00e9lyes adatokat v\u00e9dj\u00e9k t\u00f6bbek k\u00f6z\u00f6tt a jogosulatlan hozz\u00e1f\u00e9r\u00e9s ellen.<\/p>\n\n\n\n<p><strong>9. A felhaszn\u00e1l\u00f3k adatkezel\u00e9ssel kapcsolatos jogai:<\/strong><\/p>\n\n\n\n<p><strong>A t\u00e1j\u00e9koztat\u00e1s k\u00e9r\u00e9shez val\u00f3 jog<\/strong><\/p>\n\n\n\n<p>A Felhaszn\u00e1l\u00f3 az 1. pontban megadott el\u00e9rhet\u0151s\u00e9geken kereszt\u00fcl t\u00e1j\u00e9koztat\u00e1st k\u00e9rhet arr\u00f3l, hogy milyen szem\u00e9lyes adatait, milyen jogalapon, milyen adatkezel\u00e9si c\u00e9l miatt, milyen forr\u00e1sb\u00f3l, mennyi ideig kezeli, illetve, hogy az Adatkezel\u0151 kinek, mikor, milyen jogszab\u00e1ly alapj\u00e1n, mely szem\u00e9lyes adataihoz biztos\u00edtott hozz\u00e1f\u00e9r\u00e9st vagy kinek tov\u00e1bb\u00edtotta a szem\u00e9lyes adatait.<\/p>\n\n\n\n<p>Az Adatkezel\u0151 a Felhaszn\u00e1l\u00f3 t\u00e1j\u00e9koztat\u00e1sk\u00e9r\u00e9si ig\u00e9ny\u00e9t legfeljebb egy h\u00f3napon bel\u00fcl, az \u00e1ltala megadott el\u00e9rhet\u0151s\u00e9gre megk\u00fcldve teljes\u00edti.<\/p>\n\n\n\n<p><strong>A helyesb\u00edt\u00e9shez val\u00f3 jog<\/strong><\/p>\n\n\n\n<p>A Felhaszn\u00e1l\u00f3 az 1. pontban megadott el\u00e9rhet\u0151s\u00e9geken kereszt\u00fcl k\u00e9rheti, hogy az Adatkezel\u0151 m\u00f3dos\u00edtsa valamely szem\u00e9lyes adat\u00e1t. Az Adatkezel\u0151 a k\u00e9r\u00e9st legfeljebb egy h\u00f3napon bel\u00fcl teljes\u00edti, \u00e9s err\u0151l az \u00e1ltala megadott el\u00e9rhet\u0151s\u00e9gen \u00e9rtes\u00edti a Felhaszn\u00e1l\u00f3t.<\/p>\n\n\n\n<p><strong>A z\u00e1rol\u00e1shoz (adatkezel\u00e9s korl\u00e1toz\u00e1s\u00e1hoz) val\u00f3 jog<\/strong><\/p>\n\n\n\n<p>A Felhaszn\u00e1l\u00f3 az 1. pontban megadott el\u00e9rhet\u0151s\u00e9geken kereszt\u00fcl k\u00e9rheti, hogy a szem\u00e9lyes adatait az Adatkezel\u0151 z\u00e1rolja (az adatkezel\u00e9s korl\u00e1tozott jelleg\u00e9nek egy\u00e9rtelm\u0171 jel\u00f6l\u00e9s\u00e9vel \u00e9s az egy\u00e9b adatokt\u00f3l elk\u00fcl\u00f6n\u00edtett kezel\u00e9s biztos\u00edt\u00e1s\u00e1val). A z\u00e1rol\u00e1s addig tart, am\u00edg a Felhaszn\u00e1l\u00f3 \u00e1ltal megjel\u00f6lt indok sz\u00fcks\u00e9gess\u00e9 teszi az adatok t\u00e1rol\u00e1s\u00e1t.<\/p>\n\n\n\n<p><strong>A tiltakoz\u00e1shoz val\u00f3 jog<\/strong><\/p>\n\n\n\n<p>A Felhaszn\u00e1l\u00f3 az 1. pontban megadott el\u00e9rhet\u0151s\u00e9geken kereszt\u00fcl tiltakozhat az adatkezel\u00e9s ellen, ha \u00e1ll\u00e1spontja szerint az Adatkezel\u0151 a szem\u00e9lyes adat\u00e1t a jelen adatkezel\u00e9si t\u00e1j\u00e9koztat\u00f3ban megjel\u00f6lt c\u00e9llal \u00f6sszef\u00fcgg\u00e9sben nem megfelel\u0151en kezeln\u00e9. Ebben az esetben az Adatkezel\u0151nek kell igazolnia, hogy a szem\u00e9lyes adat kezel\u00e9s\u00e9t olyan k\u00e9nyszer\u00edt\u0151 erej\u0171 jogos okok indokolj\u00e1k, amelyek els\u0151bbs\u00e9get \u00e9lveznek az \u00e9rintett \u00e9rdekeivel, jogaival \u00e9s szabads\u00e1gaival szemben, vagy amelyek jogi ig\u00e9nyek el\u0151terjeszt\u00e9s\u00e9hez, \u00e9rv\u00e9nyes\u00edt\u00e9s\u00e9hez vagy v\u00e9delm\u00e9hez kapcsol\u00f3dnak.<\/p>\n\n\n\n<p><strong>A t\u00f6rl\u00e9shez val\u00f3 jog<\/strong><\/p>\n\n\n\n<p>A Felhaszn\u00e1l\u00f3 az 1. pontban megadott el\u00e9rhet\u0151s\u00e9geken kereszt\u00fcl k\u00e9rheti szem\u00e9lyes adatainak t\u00f6rl\u00e9s\u00e9t.<\/p>\n\n\n\n<p>A t\u00f6rl\u00e9s megtagadhat\u00f3 (i) a v\u00e9lem\u00e9nynyilv\u00e1n\u00edt\u00e1s szabads\u00e1g\u00e1hoz \u00e9s a t\u00e1j\u00e9koz\u00f3d\u00e1shoz val\u00f3 jog gyakorl\u00e1sa c\u00e9lj\u00e1b\u00f3l, vagy (ii) ha a Szem\u00e9lyes adatok kezel\u00e9s\u00e9re jogszab\u00e1ly felhatalmaz\u00e1st ad; valamint (iii) jogi ig\u00e9nyek el\u0151terjeszt\u00e9s\u00e9hez, \u00e9rv\u00e9nyes\u00edt\u00e9s\u00e9hez, illetve v\u00e9delm\u00e9hez.<\/p>\n\n\n\n<p>A t\u00f6rl\u00e9si k\u00e9relem megtagad\u00e1s\u00e1r\u00f3l az Adatkezel\u0151 minden esetben t\u00e1j\u00e9koztatja a Felhaszn\u00e1l\u00f3t, megjel\u00f6lve a t\u00f6rl\u00e9s megtagad\u00e1s\u00e1nak indok\u00e1t. Szem\u00e9lyes adat t\u00f6rl\u00e9s\u00e9re ir\u00e1nyul\u00f3 ig\u00e9ny teljes\u00edt\u00e9s\u00e9t k\u00f6vet\u0151en a kor\u00e1bbi (t\u00f6r\u00f6lt) adatok m\u00e1r nem \u00e1ll\u00edthat\u00f3k helyre.<\/p>\n\n\n\n<p><strong>10. Adatkezel\u00e9ssel kapcsolatos jog\u00e9rv\u00e9nyes\u00edt\u00e9si lehet\u0151s\u00e9g:<\/strong><\/p>\n\n\n\n<p>Jogellenesnek \u00edt\u00e9lt adatkezel\u00e9s eset\u00e9n az \u00e9rintett<\/p>\n\n\n\n<ul class=\"wp-block-list\">\n<li>panaszt ny\u00fajthat be a Nemzeti Adatv\u00e9delmi \u00e9s Inform\u00e1ci\u00f3szabads\u00e1g Hat\u00f3s\u00e1ghoz (NAIH) Nemzeti Adatv\u00e9delmi \u00e9s Inform\u00e1ci\u00f3szabads\u00e1g Hat\u00f3s\u00e1g, c\u00edm: 1055 Budapest, Falk Miksa u. 9-11. E-mail: ugyfelszolgalat@naih.hu, honlap: www.naih.hu<\/li>\n\n\n\n<li>vagy lehet\u0151s\u00e9ge van adatainak v\u00e9delme \u00e9rdek\u00e9ben b\u00edr\u00f3s\u00e1ghoz fordulni, amely az \u00fcgyben soron k\u00edv\u00fcl j\u00e1r el. Ebben az esetben szabadon eld\u00f6ntheti, hogy a lak\u00f3helye (\u00e1lland\u00f3 lakc\u00edm) vagy a tart\u00f3zkod\u00e1si helye (ideiglenes lakc\u00edm), illetve az adatkezel\u0151 sz\u00e9khelye szerint illet\u00e9kes t\u00f6rv\u00e9nysz\u00e9kn\u00e9l ny\u00fajtja-e be kereset\u00e9t. A lak\u00f3helye vagy tart\u00f3zkod\u00e1si helye szerinti t\u00f6rv\u00e9nysz\u00e9ket megkeresheti a http:\/\/birosag.hu\/ugyfelkapcsolatiportal\/birosag-kereso oldalon.<\/li>\n<\/ul>\n\n\n\n<p><strong>11. T\u00e1j\u00e9koztat\u00f3 v\u00e1ltoz\u00e1sai:<\/strong><\/p>\n\n\n\n<p>Az Adatkezel\u0151 fenntartja mag\u00e1nak a jogot, hogy a jelen T\u00e1j\u00e9koztat\u00f3t egyoldal\u00fa d\u00f6nt\u00e9s\u00e9vel b\u00e1rmikor m\u00f3dos\u00edtsa. A Felhaszn\u00e1l\u00f3 az ersekipinceszet.hu weboldal megnyit\u00e1s\u00e1val \u00e9s az azon el\u00e9rhet\u0151 tartalmak olvas\u00e1s\u00e1val elfogadja a T\u00e1j\u00e9koztat\u00f3 mindenkor hat\u00e1lyos rendelkez\u00e9seit, ezen t\u00falmen\u0151en az egyes Felhaszn\u00e1l\u00f3k beleegyez\u00e9s\u00e9nek kik\u00e9r\u00e9s\u00e9re nincs sz\u00fcks\u00e9g.<\/p>\n\n\n\n<p>A mindenkor hat\u00e1lyos t\u00e1j\u00e9koztat\u00f3 el\u00e9rhet\u0151 az al\u00e1bbi linken: www.ersekipinceszet.hu<\/p>\n\n\n\n<p>Utols\u00f3 friss\u00edt\u00e9s: 2023.07.25.<\/p>\n","protected":false},"excerpt":{"rendered":"<p>Adatkezel\u00e9si t\u00e1j\u00e9koztat\u00f3 a castellum.hu weboldalra vonatkoz\u00f3an 1.Adatkezel\u0151 megnevez\u00e9se: Castellum Vagyonkezel\u0151 Igazgat\u00f3s\u00e1g. C\u00edm:&nbsp;&nbsp;&nbsp;&nbsp;&nbsp;&nbsp;&nbsp;&nbsp;&nbsp;&nbsp;&nbsp;&nbsp;&nbsp;&nbsp;&nbsp;&nbsp;&nbsp;&nbsp;&nbsp;&nbsp;&nbsp;&nbsp;&nbsp;&nbsp;&nbsp;&nbsp;&nbsp;&nbsp;&nbsp;&nbsp;&nbsp;&nbsp;&nbsp;&nbsp; 8200 Veszpr\u00e9m, V\u00e1r utca 18.. E-mail:&nbsp;&nbsp; &nbsp;&nbsp;&nbsp;&nbsp;&nbsp;&nbsp;&nbsp;&nbsp;&nbsp;&nbsp;&nbsp;&nbsp;&nbsp;&nbsp;&nbsp;&nbsp;&nbsp;&nbsp;&nbsp;&nbsp;&nbsp;&nbsp;&nbsp;&nbsp;&nbsp;&nbsp;&nbsp;&nbsp;press@castellum.hu Honlap:&nbsp;&nbsp;&nbsp;&nbsp;&nbsp;&nbsp;&nbsp;&nbsp;&nbsp;&nbsp;&nbsp;&nbsp;&nbsp;&nbsp;&nbsp;&nbsp;&nbsp;&nbsp;&nbsp;&nbsp;&nbsp;&nbsp;&nbsp;&nbsp;&nbsp;&nbsp;&nbsp;&nbsp; www.castellum.hu K\u00e9pvisel\u0151je:&nbsp;&nbsp;&nbsp;&nbsp;&nbsp;&nbsp;&nbsp;&nbsp;&nbsp;&nbsp;&nbsp;&nbsp;&nbsp;&nbsp;&nbsp;&nbsp;&nbsp;&nbsp;&nbsp;&nbsp;&nbsp; Dr. Udvardy Gy\u00f6rgy, \u00e9rsek 2. Az adatkezel\u00e9s alapj\u00e1ul szolg\u00e1l\u00f3 jogszab\u00e1lyok: 3. A kezelt szem\u00e9lyes adatok k\u00f6re \u00e9s id\u0151tartama, \u00e9rintettek k\u00f6re: Felhaszn\u00e1l\u00f3: a weboldal szolg\u00e1ltat\u00e1sait (h\u00edr \u00e9s t\u00e1j\u00e9koztat\u00f3 anyagok elolvas\u00e1sa, vide\u00f3k \u00e9s k\u00e9pgal\u00e9ri\u00e1k megtekint\u00e9se, [&hellip;]<\/p>\n","protected":false},"author":1,"featured_media":0,"parent":0,"menu_order":0,"comment_status":"closed","ping_status":"closed","template":"","meta":{"_monsterinsights_skip_tracking":false,"_monsterinsights_sitenote_active":false,"_monsterinsights_sitenote_note":"","_monsterinsights_sitenote_category":0,"footnotes":""},"class_list":["post-290","page","type-page","status-publish","hentry"],"_links":{"self":[{"href":"https:\/\/castellum.hu\/hu\/wp-json\/wp\/v2\/pages\/290","targetHints":{"allow":["GET"]}}],"collection":[{"href":"https:\/\/castellum.hu\/hu\/wp-json\/wp\/v2\/pages"}],"about":[{"href":"https:\/\/castellum.hu\/hu\/wp-json\/wp\/v2\/types\/page"}],"author":[{"embeddable":true,"href":"https:\/\/castellum.hu\/hu\/wp-json\/wp\/v2\/users\/1"}],"replies":[{"embeddable":true,"href":"https:\/\/castellum.hu\/hu\/wp-json\/wp\/v2\/comments?post=290"}],"version-history":[{"count":2,"href":"https:\/\/castellum.hu\/hu\/wp-json\/wp\/v2\/pages\/290\/revisions"}],"predecessor-version":[{"id":941,"href":"https:\/\/castellum.hu\/hu\/wp-json\/wp\/v2\/pages\/290\/revisions\/941"}],"wp:attachment":[{"href":"https:\/\/castellum.hu\/hu\/wp-json\/wp\/v2\/media?parent=290"}],"curies":[{"name":"wp","href":"https:\/\/api.w.org\/{rel}","templated":true}]}}