{"id":596,"date":"2023-03-14T16:44:53","date_gmt":"2023-03-14T15:44:53","guid":{"rendered":"https:\/\/ersekseg.dinosprojekt.com\/?page_id=596"},"modified":"2023-03-14T17:01:46","modified_gmt":"2023-03-14T16:01:46","slug":"impresszum","status":"publish","type":"page","link":"https:\/\/castellum.hu\/hu\/impresszum\/","title":{"rendered":"Impresszum"},"content":{"rendered":"\n<p>A weboldalt a Castellum Vagyonkezel\u0151 gondozza.<\/p>\n\n\n\n<p>El\u00e9rhet\u0151s\u00e9g: info@castellum.hu<br>A sajt\u00f3 sz\u00e1m\u00e1ra: press@castellum.hu<\/p>\n\n\n\n<p>A weboldalon tal\u00e1lhat\u00f3 tartalmak egy r\u00e9sze a k\u00f6vetkez\u0151 kiadv\u00e1nyb\u00f3l sz\u00e1rmazik: <br>Bal\u00e1zsik Tam\u00e1s, Baldav\u00e1ri Eszter, F\u00fcl\u00f6p Andr\u00e1s, Galamb Zsuzsanna, H\u00e9czey-Mark\u00f3 \u00c1gnes, Jankovics Norbert, Kis Rita, K\u00f3nya Anna, Kopp\u00e1ny Andr\u00e1s, Kov\u00e1cs D\u00e1niel, N\u00e9meth J\u00f3zsef, Simon Anna, Vit\u00e1lyos \u00c1gnes: Veszpr\u00e9m v\u00e1ros \u00e9p\u00edt\u00e9szeti topogr\u00e1fi\u00e1ja, <em>MMA Kiad\u00f3<\/em>, Budapest 2022.<\/p>\n","protected":false},"excerpt":{"rendered":"<p>A weboldalt a Castellum Vagyonkezel\u0151 gondozza. El\u00e9rhet\u0151s\u00e9g: info@castellum.huA sajt\u00f3 sz\u00e1m\u00e1ra: press@castellum.hu A weboldalon tal\u00e1lhat\u00f3 tartalmak egy r\u00e9sze a k\u00f6vetkez\u0151 kiadv\u00e1nyb\u00f3l sz\u00e1rmazik: Bal\u00e1zsik Tam\u00e1s, Baldav\u00e1ri Eszter, F\u00fcl\u00f6p Andr\u00e1s, Galamb Zsuzsanna, H\u00e9czey-Mark\u00f3 \u00c1gnes, Jankovics Norbert, Kis Rita, K\u00f3nya Anna, Kopp\u00e1ny Andr\u00e1s, Kov\u00e1cs D\u00e1niel, N\u00e9meth J\u00f3zsef, Simon Anna, Vit\u00e1lyos \u00c1gnes: Veszpr\u00e9m v\u00e1ros \u00e9p\u00edt\u00e9szeti topogr\u00e1fi\u00e1ja, MMA Kiad\u00f3, Budapest 2022.<\/p>\n","protected":false},"author":1,"featured_media":0,"parent":0,"menu_order":0,"comment_status":"closed","ping_status":"closed","template":"","meta":{"_monsterinsights_skip_tracking":false,"_monsterinsights_sitenote_active":false,"_monsterinsights_sitenote_note":"","_monsterinsights_sitenote_category":0,"footnotes":""},"class_list":["post-596","page","type-page","status-publish","hentry"],"_links":{"self":[{"href":"https:\/\/castellum.hu\/hu\/wp-json\/wp\/v2\/pages\/596","targetHints":{"allow":["GET"]}}],"collection":[{"href":"https:\/\/castellum.hu\/hu\/wp-json\/wp\/v2\/pages"}],"about":[{"href":"https:\/\/castellum.hu\/hu\/wp-json\/wp\/v2\/types\/page"}],"author":[{"embeddable":true,"href":"https:\/\/castellum.hu\/hu\/wp-json\/wp\/v2\/users\/1"}],"replies":[{"embeddable":true,"href":"https:\/\/castellum.hu\/hu\/wp-json\/wp\/v2\/comments?post=596"}],"version-history":[{"count":3,"href":"https:\/\/castellum.hu\/hu\/wp-json\/wp\/v2\/pages\/596\/revisions"}],"predecessor-version":[{"id":600,"href":"https:\/\/castellum.hu\/hu\/wp-json\/wp\/v2\/pages\/596\/revisions\/600"}],"wp:attachment":[{"href":"https:\/\/castellum.hu\/hu\/wp-json\/wp\/v2\/media?parent=596"}],"curies":[{"name":"wp","href":"https:\/\/api.w.org\/{rel}","templated":true}]}}